{"id":14737,"date":"2025-08-07T10:33:45","date_gmt":"2025-08-07T08:33:45","guid":{"rendered":"https:\/\/www.skamex.com.pl\/?page_id=14737"},"modified":"2025-08-07T10:39:32","modified_gmt":"2025-08-07T08:39:32","slug":"projekt-wfos","status":"publish","type":"page","link":"https:\/\/www.skamex.com.pl\/projekt-wfos","title":{"rendered":"Projekt WFO\u015a"},"content":{"rendered":"\n<figure class=\"wp-block-image size-large is-resized eplus-wrapper\"><img decoding=\"async\" width=\"289\" height=\"94\" src=\"https:\/\/www.skamex.com.pl\/wp-content\/uploads\/2025\/08\/logo-wfosigw.svg\" alt=\"Logo Projekt WFO\u015a\" class=\"wp-image-14738\" style=\"width:900px\"><\/figure>\n\n\n\n<div style=\"height:45px\" aria-hidden=\"true\" class=\"wp-block-spacer eplus-wrapper\"><\/div>\n\n\n\n<p class=\" eplus-wrapper\">Nazwa zada\u00adnia: \u201e<strong>Budowa insta\u00adlacji fotowoltaicznej w \u0141odzi przy ul. Tech\u00adnicznej 14 dla firmy SKAMEX S.A.<\/strong>\u201d<br>Warto\u015b\u0107 zada\u00adnia: <strong>1 199 956,00<\/strong> z\u0142<br>Dofi\u00adnan\u00adsowanie w formie po\u017cy\u00adcz\u00adki w kwocie <strong>1 199 956<\/strong> z\u0142.<br>Pro\u00adjekt pole\u00adga na budowie insta\u00adlacji fotowoltaicznej o mocy 349,86 kWp<br>Link do strony WFO\u015aiGW w \u0141odzi <a href=\"https:\/\/www.wfosigw.lodz.pl\">https:\/\/www.wfosigw.lodz.pl<\/a><\/p>\n\n\n\n<div style=\"height:20px\" aria-hidden=\"true\" class=\"wp-block-spacer eplus-wrapper\"><\/div>\n\n\n\n<p class=\" eplus-wrapper\"><\/p>\n","protected":false},"excerpt":{"rendered":"<p>Nazwa zada\u00adnia: \u201eBudowa insta\u00adlacji fotowoltaicznej w \u0141odzi przy ul. Tech\u00adnicznej 14 dla firmy SKAMEX S.A.\u201dWarto\u015b\u0107 zada\u00adnia: 1 199 956,00 z\u0142Dofi\u00adnan\u00adsowanie w formie po\u017cy\u00adcz\u00adki w kwocie 1 199 956 z\u0142.Pro\u00adjekt pole\u00adga na budowie insta\u00adlacji fotowoltaicznej o mocy 349,86 kWpLink do strony WFO\u015aiGW w \u0141odzi https:\/\/www.wfosigw.lodz.pl<\/p>\n","protected":false},"author":11,"featured_media":0,"parent":0,"menu_order":0,"comment_status":"closed","ping_status":"closed","template":"","meta":{"inline_featured_image":false,"wp_typography_post_enhancements_disabled":false,"editor_plus_post_options":"{}","editor_plus_copied_stylings":"{}","footnotes":""},"class_list":["post-14737","page","type-page","status-publish","hentry"],"yoast_head":"<!-- This site is optimized with the Yoast SEO plugin v27.1.1 - https:\/\/yoast.com\/product\/yoast-seo-wordpress\/ -->\n<title>Skamex - Zaufany Dystrybutor Sprz\u0119tu Medycznego<\/title>\n<meta name=\"robots\" content=\"index, follow, max-snippet:-1, max-image-preview:large, max-video-preview:-1\" \/>\n<link rel=\"canonical\" href=\"https:\/\/www.skamex.com.pl\/projekt-wfos\" \/>\n<meta property=\"og:locale\" content=\"pl_PL\" \/>\n<meta property=\"og:type\" content=\"article\" \/>\n<meta property=\"og:title\" content=\"Skamex - Zaufany Dystrybutor Sprz\u0119tu Medycznego\" \/>\n<meta property=\"og:description\" content=\"Nazwa zada\u00adnia: \u201eBudowa insta\u00adlacji fotowoltaicznej w \u0141odzi przy ul. Tech\u00adnicznej 14 dla firmy SKAMEX S.A.\u201dWarto\u015b\u0107 zada\u00adnia: 1 199 956,00 z\u0142Dofi\u00adnan\u00adsowanie w formie po\u017cy\u00adcz\u00adki w kwocie 1 199 956 z\u0142.Pro\u00adjekt pole\u00adga na budowie insta\u00adlacji fotowoltaicznej o mocy 349,86 kWpLink do strony WFO\u015aiGW w \u0141odzi https:\/\/www.wfosigw.lodz.pl\" \/>\n<meta property=\"og:url\" content=\"https:\/\/www.skamex.com.pl\/projekt-wfos\" \/>\n<meta property=\"og:site_name\" content=\"Skamex\" \/>\n<meta property=\"article:publisher\" content=\"https:\/\/www.facebook.com\/skamex\/\" \/>\n<meta property=\"article:modified_time\" content=\"2025-08-07T08:39:32+00:00\" \/>\n<meta property=\"og:image\" content=\"https:\/\/www.skamex.com.pl\/wp-content\/uploads\/2025\/08\/logo-wfosigw.svg\" \/>\n<meta name=\"twitter:card\" content=\"summary_large_image\" \/>\n<meta name=\"twitter:label1\" content=\"Szacowany czas czytania\" \/>\n\t<meta name=\"twitter:data1\" content=\"1 minuta\" \/>\n<script type=\"application\/ld+json\" class=\"yoast-schema-graph\">{\"@context\":\"https:\/\/schema.org\",\"@graph\":[{\"@type\":\"WebPage\",\"@id\":\"https:\/\/www.skamex.com.pl\/projekt-wfos\",\"url\":\"https:\/\/www.skamex.com.pl\/projekt-wfos\",\"name\":\"Skamex - Zaufany Dystrybutor Sprz\u0119tu Medycznego\",\"isPartOf\":{\"@id\":\"https:\/\/www.skamex.com.pl\/#website\"},\"primaryImageOfPage\":{\"@id\":\"https:\/\/www.skamex.com.pl\/projekt-wfos#primaryimage\"},\"image\":{\"@id\":\"https:\/\/www.skamex.com.pl\/projekt-wfos#primaryimage\"},\"thumbnailUrl\":\"https:\/\/www.skamex.com.pl\/wp-content\/uploads\/2025\/08\/logo-wfosigw.svg\",\"datePublished\":\"2025-08-07T08:33:45+00:00\",\"dateModified\":\"2025-08-07T08:39:32+00:00\",\"breadcrumb\":{\"@id\":\"https:\/\/www.skamex.com.pl\/projekt-wfos#breadcrumb\"},\"inLanguage\":\"pl-PL\",\"potentialAction\":[{\"@type\":\"ReadAction\",\"target\":[\"https:\/\/www.skamex.com.pl\/projekt-wfos\"]}]},{\"@type\":\"ImageObject\",\"inLanguage\":\"pl-PL\",\"@id\":\"https:\/\/www.skamex.com.pl\/projekt-wfos#primaryimage\",\"url\":\"https:\/\/www.skamex.com.pl\/wp-content\/uploads\/2025\/08\/logo-wfosigw.svg\",\"contentUrl\":\"https:\/\/www.skamex.com.pl\/wp-content\/uploads\/2025\/08\/logo-wfosigw.svg\",\"width\":289,\"height\":94,\"caption\":\"Logo Projekt WFO\u015a\"},{\"@type\":\"BreadcrumbList\",\"@id\":\"https:\/\/www.skamex.com.pl\/projekt-wfos#breadcrumb\",\"itemListElement\":[{\"@type\":\"ListItem\",\"position\":1,\"name\":\"Strona g\u0142\u00f3wna\",\"item\":\"https:\/\/www.skamex.com.pl\/\"},{\"@type\":\"ListItem\",\"position\":2,\"name\":\"Projekt WFO\u015a\"}]},{\"@type\":\"WebSite\",\"@id\":\"https:\/\/www.skamex.com.pl\/#website\",\"url\":\"https:\/\/www.skamex.com.pl\/\",\"name\":\"Skamex- Jako\u015b\u0107 w trosce o bezpiecze\u0144stwo\",\"description\":\"\",\"publisher\":{\"@id\":\"https:\/\/www.skamex.com.pl\/#organization\"},\"potentialAction\":[{\"@type\":\"SearchAction\",\"target\":{\"@type\":\"EntryPoint\",\"urlTemplate\":\"https:\/\/www.skamex.com.pl\/?s={search_term_string}\"},\"query-input\":{\"@type\":\"PropertyValueSpecification\",\"valueRequired\":true,\"valueName\":\"search_term_string\"}}],\"inLanguage\":\"pl-PL\"},{\"@type\":\"Organization\",\"@id\":\"https:\/\/www.skamex.com.pl\/#organization\",\"name\":\"Skamex\",\"url\":\"https:\/\/www.skamex.com.pl\/\",\"logo\":{\"@type\":\"ImageObject\",\"inLanguage\":\"pl-PL\",\"@id\":\"https:\/\/www.skamex.com.pl\/#\/schema\/logo\/image\/\",\"url\":\"https:\/\/www.skamex.com.pl\/wp-content\/uploads\/2024\/02\/logo_skamex-e1715849609970.png\",\"contentUrl\":\"https:\/\/www.skamex.com.pl\/wp-content\/uploads\/2024\/02\/logo_skamex-e1715849609970.png\",\"width\":1312,\"height\":318,\"caption\":\"Skamex\"},\"image\":{\"@id\":\"https:\/\/www.skamex.com.pl\/#\/schema\/logo\/image\/\"},\"sameAs\":[\"https:\/\/www.facebook.com\/skamex\/\",\"https:\/\/www.linkedin.com\/company\/skamex\"]}]}<\/script>\n<!-- \/ Yoast SEO plugin. -->","yoast_head_json":{"title":"Skamex - Zaufany Dystrybutor Sprz\u0119tu Medycznego","robots":{"index":"index","follow":"follow","max-snippet":"max-snippet:-1","max-image-preview":"max-image-preview:large","max-video-preview":"max-video-preview:-1"},"canonical":"https:\/\/www.skamex.com.pl\/projekt-wfos","og_locale":"pl_PL","og_type":"article","og_title":"Skamex - Zaufany Dystrybutor Sprz\u0119tu Medycznego","og_description":"Nazwa zada\u00adnia: \u201eBudowa insta\u00adlacji fotowoltaicznej w \u0141odzi przy ul. Tech\u00adnicznej 14 dla firmy SKAMEX S.A.\u201dWarto\u015b\u0107 zada\u00adnia: 1 199 956,00 z\u0142Dofi\u00adnan\u00adsowanie w formie po\u017cy\u00adcz\u00adki w kwocie 1 199 956 z\u0142.Pro\u00adjekt pole\u00adga na budowie insta\u00adlacji fotowoltaicznej o mocy 349,86 kWpLink do strony WFO\u015aiGW w \u0141odzi https:\/\/www.wfosigw.lodz.pl","og_url":"https:\/\/www.skamex.com.pl\/projekt-wfos","og_site_name":"Skamex","article_publisher":"https:\/\/www.facebook.com\/skamex\/","article_modified_time":"2025-08-07T08:39:32+00:00","og_image":[{"url":"https:\/\/www.skamex.com.pl\/wp-content\/uploads\/2025\/08\/logo-wfosigw.svg","type":"","width":"","height":""}],"twitter_card":"summary_large_image","twitter_misc":{"Szacowany czas czytania":"1 minuta"},"schema":{"@context":"https:\/\/schema.org","@graph":[{"@type":"WebPage","@id":"https:\/\/www.skamex.com.pl\/projekt-wfos","url":"https:\/\/www.skamex.com.pl\/projekt-wfos","name":"Skamex - Zaufany Dystrybutor Sprz\u0119tu Medycznego","isPartOf":{"@id":"https:\/\/www.skamex.com.pl\/#website"},"primaryImageOfPage":{"@id":"https:\/\/www.skamex.com.pl\/projekt-wfos#primaryimage"},"image":{"@id":"https:\/\/www.skamex.com.pl\/projekt-wfos#primaryimage"},"thumbnailUrl":"https:\/\/www.skamex.com.pl\/wp-content\/uploads\/2025\/08\/logo-wfosigw.svg","datePublished":"2025-08-07T08:33:45+00:00","dateModified":"2025-08-07T08:39:32+00:00","breadcrumb":{"@id":"https:\/\/www.skamex.com.pl\/projekt-wfos#breadcrumb"},"inLanguage":"pl-PL","potentialAction":[{"@type":"ReadAction","target":["https:\/\/www.skamex.com.pl\/projekt-wfos"]}]},{"@type":"ImageObject","inLanguage":"pl-PL","@id":"https:\/\/www.skamex.com.pl\/projekt-wfos#primaryimage","url":"https:\/\/www.skamex.com.pl\/wp-content\/uploads\/2025\/08\/logo-wfosigw.svg","contentUrl":"https:\/\/www.skamex.com.pl\/wp-content\/uploads\/2025\/08\/logo-wfosigw.svg","width":289,"height":94,"caption":"Logo Projekt WFO\u015a"},{"@type":"BreadcrumbList","@id":"https:\/\/www.skamex.com.pl\/projekt-wfos#breadcrumb","itemListElement":[{"@type":"ListItem","position":1,"name":"Strona g\u0142\u00f3wna","item":"https:\/\/www.skamex.com.pl\/"},{"@type":"ListItem","position":2,"name":"Projekt WFO\u015a"}]},{"@type":"WebSite","@id":"https:\/\/www.skamex.com.pl\/#website","url":"https:\/\/www.skamex.com.pl\/","name":"Skamex- Jako\u015b\u0107 w trosce o bezpiecze\u0144stwo","description":"","publisher":{"@id":"https:\/\/www.skamex.com.pl\/#organization"},"potentialAction":[{"@type":"SearchAction","target":{"@type":"EntryPoint","urlTemplate":"https:\/\/www.skamex.com.pl\/?s={search_term_string}"},"query-input":{"@type":"PropertyValueSpecification","valueRequired":true,"valueName":"search_term_string"}}],"inLanguage":"pl-PL"},{"@type":"Organization","@id":"https:\/\/www.skamex.com.pl\/#organization","name":"Skamex","url":"https:\/\/www.skamex.com.pl\/","logo":{"@type":"ImageObject","inLanguage":"pl-PL","@id":"https:\/\/www.skamex.com.pl\/#\/schema\/logo\/image\/","url":"https:\/\/www.skamex.com.pl\/wp-content\/uploads\/2024\/02\/logo_skamex-e1715849609970.png","contentUrl":"https:\/\/www.skamex.com.pl\/wp-content\/uploads\/2024\/02\/logo_skamex-e1715849609970.png","width":1312,"height":318,"caption":"Skamex"},"image":{"@id":"https:\/\/www.skamex.com.pl\/#\/schema\/logo\/image\/"},"sameAs":["https:\/\/www.facebook.com\/skamex\/","https:\/\/www.linkedin.com\/company\/skamex"]}]}},"acf":[],"gutenberg_blocks":[{"blockName":"custom-styles","attrs":{"styles":""}},{"blockName":"core\/image","attrs":{"id":14738,"width":"900px","sizeSlug":"large","linkDestination":"none","epAnimationGeneratedClass":"edplus_anim-s58P43","epGeneratedClass":"eplus-wrapper"},"innerBlocks":[],"innerHTML":"\n<figure class=\"wp-block-image size-large is-resized eplus-wrapper\"><img src=\"https:\/\/www.skamex.com.pl\/wp-content\/uploads\/2025\/08\/logo-wfosigw.svg\" alt=\"Logo Projekt WFO\u015a\" class=\"wp-image-14738\" style=\"width:900px\"\/><\/figure>\n","innerContent":["\n<figure class=\"wp-block-image size-large is-resized eplus-wrapper\"><img src=\"https:\/\/www.skamex.com.pl\/wp-content\/uploads\/2025\/08\/logo-wfosigw.svg\" alt=\"Logo Projekt WFO\u015a\" class=\"wp-image-14738\" style=\"width:900px\"\/><\/figure>\n"]},{"blockName":"core\/spacer","attrs":{"height":"45px","epAnimationGeneratedClass":"edplus_anim-WlMB2l","epGeneratedClass":"eplus-wrapper"},"innerBlocks":[],"innerHTML":"\n<div style=\"height:45px\" aria-hidden=\"true\" class=\"wp-block-spacer eplus-wrapper\"><\/div>\n","innerContent":["\n<div style=\"height:45px\" aria-hidden=\"true\" class=\"wp-block-spacer eplus-wrapper\"><\/div>\n"]},{"blockName":"core\/paragraph","attrs":{"epAnimationGeneratedClass":"edplus_anim-Wc7yJx","epGeneratedClass":"eplus-wrapper"},"innerBlocks":[],"innerHTML":"\n<p class=\" eplus-wrapper\">Nazwa zadania: \u201e<strong>Budowa instalacji fotowoltaicznej w \u0141odzi przy ul. Technicznej 14 dla firmy SKAMEX S.A.<\/strong>\u201d<br>Warto\u015b\u0107 zadania: <strong>1 199 956,00<\/strong> z\u0142<br>Dofinansowanie w formie po\u017cyczki w kwocie <strong>1 199 956<\/strong> z\u0142.<br>Projekt polega na budowie instalacji fotowoltaicznej o mocy 349,86 kWp<br>Link do strony WFO\u015aiGW w \u0141odzi <a href=\"https:\/\/www.wfosigw.lodz.pl\">https:\/\/www.wfosigw.lodz.pl<\/a><\/p>\n","innerContent":["\n<p class=\" eplus-wrapper\">Nazwa zadania: \u201e<strong>Budowa instalacji fotowoltaicznej w \u0141odzi przy ul. Technicznej 14 dla firmy SKAMEX S.A.<\/strong>\u201d<br>Warto\u015b\u0107 zadania: <strong>1 199 956,00<\/strong> z\u0142<br>Dofinansowanie w formie po\u017cyczki w kwocie <strong>1 199 956<\/strong> z\u0142.<br>Projekt polega na budowie instalacji fotowoltaicznej o mocy 349,86 kWp<br>Link do strony WFO\u015aiGW w \u0141odzi <a href=\"https:\/\/www.wfosigw.lodz.pl\">https:\/\/www.wfosigw.lodz.pl<\/a><\/p>\n"]},{"blockName":"core\/spacer","attrs":{"height":"20px","epAnimationGeneratedClass":"edplus_anim-1TGYbZ","epGeneratedClass":"eplus-wrapper"},"innerBlocks":[],"innerHTML":"\n<div style=\"height:20px\" aria-hidden=\"true\" class=\"wp-block-spacer eplus-wrapper\"><\/div>\n","innerContent":["\n<div style=\"height:20px\" aria-hidden=\"true\" class=\"wp-block-spacer eplus-wrapper\"><\/div>\n"]},{"blockName":"core\/paragraph","attrs":{"epAnimationGeneratedClass":"edplus_anim-QgREjL","epGeneratedClass":"eplus-wrapper"},"innerBlocks":[],"innerHTML":"\n<p class=\" eplus-wrapper\"><\/p>\n","innerContent":["\n<p class=\" eplus-wrapper\"><\/p>\n"]}],"meta_data":{"container":"","no_page_top_margin":false},"_links":{"self":[{"href":"https:\/\/www.skamex.com.pl\/index.php\/wp-json\/wp\/v2\/pages\/14737","targetHints":{"allow":["GET"]}}],"collection":[{"href":"https:\/\/www.skamex.com.pl\/index.php\/wp-json\/wp\/v2\/pages"}],"about":[{"href":"https:\/\/www.skamex.com.pl\/index.php\/wp-json\/wp\/v2\/types\/page"}],"author":[{"embeddable":true,"href":"https:\/\/www.skamex.com.pl\/index.php\/wp-json\/wp\/v2\/users\/11"}],"replies":[{"embeddable":true,"href":"https:\/\/www.skamex.com.pl\/index.php\/wp-json\/wp\/v2\/comments?post=14737"}],"version-history":[{"count":5,"href":"https:\/\/www.skamex.com.pl\/index.php\/wp-json\/wp\/v2\/pages\/14737\/revisions"}],"predecessor-version":[{"id":14744,"href":"https:\/\/www.skamex.com.pl\/index.php\/wp-json\/wp\/v2\/pages\/14737\/revisions\/14744"}],"wp:attachment":[{"href":"https:\/\/www.skamex.com.pl\/index.php\/wp-json\/wp\/v2\/media?parent=14737"}],"curies":[{"name":"wp","href":"https:\/\/api.w.org\/{rel}","templated":true}]}}