{"id":14460,"date":"2025-07-21T15:09:33","date_gmt":"2025-07-21T13:09:33","guid":{"rendered":"https:\/\/www.skamex.com.pl\/?page_id=14460"},"modified":"2025-09-09T12:45:57","modified_gmt":"2025-09-09T10:45:57","slug":"elementor-14460","status":"publish","type":"page","link":"https:\/\/www.skamex.com.pl\/elementor-14460","title":{"rendered":"Elementor #14460"},"content":{"rendered":"<h1>Jako\u015b\u0107 w trosce<br>\no bezpiecze\u0144stwo.<\/h1>\n<p><a href=\"#\"><br>\nSprawd\u017a nasz\u0105 ofer\u00adt\u0119<br>\n<\/a><br>\n<img fetchpriority=\"high\" decoding=\"async\" width=\"1024\" height=\"963\" src=\"https:\/\/www.skamex.com.pl\/wp-content\/uploads\/2025\/07\/proteza-pracia1-1024x963.png\" alt srcset=\"https:\/\/www.skamex.com.pl\/wp-content\/uploads\/2025\/07\/proteza-pracia1-1024x963.png 1024w, https:\/\/www.skamex.com.pl\/wp-content\/uploads\/2025\/07\/proteza-pracia1-300x282.png 300w, https:\/\/www.skamex.com.pl\/wp-content\/uploads\/2025\/07\/proteza-pracia1-768x722.png 768w, https:\/\/www.skamex.com.pl\/wp-content\/uploads\/2025\/07\/proteza-pracia1-1536x1444.png 1536w, https:\/\/www.skamex.com.pl\/wp-content\/uploads\/2025\/07\/proteza-pracia1-2048x1925.png 2048w, https:\/\/www.skamex.com.pl\/wp-content\/uploads\/2025\/07\/proteza-pracia1-13x12.png 13w\" sizes=\"(max-width: 1024px) 100vw, 1024px\">\t\t\t\t\t\t\t\t\t\t\t\t\t\t\t\t\t\t\t\t\t\t\t\t\t\t<img decoding=\"async\" width=\"472\" height=\"467\" src=\"https:\/\/www.skamex.com.pl\/wp-content\/uploads\/2025\/07\/wklucie-obwodowe222.png\" alt srcset=\"https:\/\/www.skamex.com.pl\/wp-content\/uploads\/2025\/07\/wklucie-obwodowe222.png 472w, https:\/\/www.skamex.com.pl\/wp-content\/uploads\/2025\/07\/wklucie-obwodowe222-300x297.png 300w, https:\/\/www.skamex.com.pl\/wp-content\/uploads\/2025\/07\/wklucie-obwodowe222-12x12.png 12w\" sizes=\"(max-width: 472px) 100vw, 472px\">\t\t\t\t\t\t\t\t\t\t\t\t\t\t\t\t\t\t\t\t\t\t\t\t\t\t<img decoding=\"async\" width=\"1024\" height=\"767\" src=\"https:\/\/www.skamex.com.pl\/wp-content\/uploads\/2025\/07\/redppine-1024x767.png\" alt srcset=\"https:\/\/www.skamex.com.pl\/wp-content\/uploads\/2025\/07\/redppine-1024x767.png 1024w, https:\/\/www.skamex.com.pl\/wp-content\/uploads\/2025\/07\/redppine-300x225.png 300w, https:\/\/www.skamex.com.pl\/wp-content\/uploads\/2025\/07\/redppine-768x575.png 768w, https:\/\/www.skamex.com.pl\/wp-content\/uploads\/2025\/07\/redppine-1536x1150.png 1536w, https:\/\/www.skamex.com.pl\/wp-content\/uploads\/2025\/07\/redppine-2048x1533.png 2048w, https:\/\/www.skamex.com.pl\/wp-content\/uploads\/2025\/07\/redppine-16x12.png 16w\" sizes=\"(max-width: 1024px) 100vw, 1024px\">\t\t\t\t\t\t\t\t\t\t\t\t\t\t\t\t\t\t\t\t\t\t\t\t\t\t<img loading=\"lazy\" decoding=\"async\" width=\"907\" height=\"910\" src=\"https:\/\/www.skamex.com.pl\/wp-content\/uploads\/2025\/07\/bullpop.png\" alt srcset=\"https:\/\/www.skamex.com.pl\/wp-content\/uploads\/2025\/07\/bullpop.png 907w, https:\/\/www.skamex.com.pl\/wp-content\/uploads\/2025\/07\/bullpop-300x300.png 300w, https:\/\/www.skamex.com.pl\/wp-content\/uploads\/2025\/07\/bullpop-150x150.png 150w, https:\/\/www.skamex.com.pl\/wp-content\/uploads\/2025\/07\/bullpop-768x771.png 768w, https:\/\/www.skamex.com.pl\/wp-content\/uploads\/2025\/07\/bullpop-12x12.png 12w\" sizes=\"(max-width: 907px) 100vw, 907px\"><\/p>\n<h3>O nas<\/h3>\n<p>Jeste\u015bmy jed\u00adnym z&nbsp;czo\u0142owych dostaw\u00adc\u00f3w sprz\u0119\u00adtu medy\u00adcznego. Ofer\u00adu\u00adje\u00admy sze\u00adro\u00adki wach\u00adlarz najwy\u017cszej jako\u015b\u00adci pro\u00adduk\u00adt\u00f3w od&nbsp;renomowanych mi\u0119dzy\u00adnar\u00ado\u00addowych pro\u00addu\u00adcen\u00adt\u00f3w.<\/p>\n<p><a href=\"#\"><br>\nZobacz nasz\u0105 ofer\u00adt\u0119<br>\n<\/a><\/p>\n<h3>Our Services<\/h3>\n<p>This text briefly intro\u00adduces vis\u00adi\u00adtors to your main ser\u00advices.<\/p>\n<figure><a href=\"#\" tabindex=\"-1\"><img loading=\"lazy\" decoding=\"async\" width=\"683\" height=\"600\" src=\"https:\/\/www.skamex.com.pl\/wp-content\/uploads\/2025\/07\/Image_Placeholder-about.jpeg\" alt><\/a><\/figure>\n<h4><a href=\"#\">Service 1<\/a><\/h4>\n<p>A short descrip\u00adtion of the ser\u00advice and how the vis\u00adi\u00adtor will ben\u00ade\u00adfit from it.<\/p>\n<figure><a href=\"#\" tabindex=\"-1\"><img loading=\"lazy\" decoding=\"async\" width=\"683\" height=\"600\" src=\"https:\/\/www.skamex.com.pl\/wp-content\/uploads\/2025\/07\/Image_Placeholder-about.jpeg\" alt><\/a><\/figure>\n<h4><a href=\"#\">Service 2<\/a><\/h4>\n<p>A short descrip\u00adtion of the ser\u00advice and how the vis\u00adi\u00adtor will ben\u00ade\u00adfit from it.<\/p>\n<figure><a href=\"#\" tabindex=\"-1\"><img loading=\"lazy\" decoding=\"async\" width=\"683\" height=\"600\" src=\"https:\/\/www.skamex.com.pl\/wp-content\/uploads\/2025\/07\/Image_Placeholder-about.jpeg\" alt><\/a><\/figure>\n<h4><a href=\"#\">Service 3<\/a><\/h4>\n<p>A short descrip\u00adtion of the ser\u00advice and how the vis\u00adi\u00adtor will ben\u00ade\u00adfit from it.<\/p>\n<figure><a href=\"#\" tabindex=\"-1\"><img loading=\"lazy\" decoding=\"async\" width=\"683\" height=\"600\" src=\"https:\/\/www.skamex.com.pl\/wp-content\/uploads\/2025\/07\/Image_Placeholder-about.jpeg\" alt><\/a><\/figure>\n<h4><a href=\"#\">Service 4<\/a><\/h4>\n<p>A short descrip\u00adtion of the ser\u00advice and how the vis\u00adi\u00adtor will ben\u00ade\u00adfit from it.<\/p>\n<h3>Why Choose Us<\/h3>\n<h4>\n\t\t\t\t\t\t\tbenefit 1<\/h4>\n<p>A short descrip\u00adtion of the ben\u00ade\u00adfit.<\/p>\n<h4>\n\t\t\t\t\t\t\tbenefit 2<\/h4>\n<p>A short descrip\u00adtion of the ben\u00ade\u00adfit.<\/p>\n<h4>\n\t\t\t\t\t\t\tbenefit 3<\/h4>\n<p>A short descrip\u00adtion of the ben\u00ade\u00adfit.<\/p>\n<h4>\n\t\t\t\t\t\t\tbenefit 4<\/h4>\n<p>A short descrip\u00adtion of the ben\u00ade\u00adfit.<\/p>\n<h3>Client Testimonials<\/h3>\n<p>\u201cA tes\u00adti\u00admo\u00adni\u00adal from a client who ben\u00ade\u00adfit\u00aded from your prod\u00aduct or ser\u00advice. Tes\u00adti\u00admo\u00adni\u00adals can be a high\u00adly effec\u00adtive way of estab\u00adlish\u00ading cred\u00adi\u00adbil\u00adi\u00adty and increas\u00ading your com\u00adpa\u00adny\u2019s rep\u00adu\u00adta\u00adtion.\u201d<br>\n<img loading=\"lazy\" decoding=\"async\" width=\"63\" height=\"63\" src=\"https:\/\/www.skamex.com.pl\/wp-content\/uploads\/2025\/07\/Image-Testemonials.jpeg\" alt><br>\nClient Name<br>\n\u201cA tes\u00adti\u00admo\u00adni\u00adal from a client who ben\u00ade\u00adfit\u00aded from your prod\u00aduct or ser\u00advice. Tes\u00adti\u00admo\u00adni\u00adals can be a high\u00adly effec\u00adtive way of estab\u00adlish\u00ading cred\u00adi\u00adbil\u00adi\u00adty and increas\u00ading your com\u00adpa\u00adny\u2019s rep\u00adu\u00adta\u00adtion.\u201d<br>\n<img loading=\"lazy\" decoding=\"async\" width=\"63\" height=\"63\" src=\"https:\/\/www.skamex.com.pl\/wp-content\/uploads\/2025\/07\/Image-Testemonials.jpeg\" alt><br>\nClient Name<br>\n\u201cA tes\u00adti\u00admo\u00adni\u00adal from a client who ben\u00ade\u00adfit\u00aded from your prod\u00aduct or ser\u00advice. Tes\u00adti\u00admo\u00adni\u00adals can be a high\u00adly effec\u00adtive way of estab\u00adlish\u00ading cred\u00adi\u00adbil\u00adi\u00adty and increas\u00ading your com\u00adpa\u00adny\u2019s rep\u00adu\u00adta\u00adtion.\u201d<br>\n<img loading=\"lazy\" decoding=\"async\" width=\"63\" height=\"63\" src=\"https:\/\/www.skamex.com.pl\/wp-content\/uploads\/2025\/07\/Image-Testemonials.jpeg\" alt><br>\nClient Name<\/p>\n<h3>A Title to Turn the Visitor Into a Lead<\/h3>\n<p>Use this short para\u00adgraph to explain how you will deliv\u00ader this ben\u00ade\u00adfit to the vis\u00adi\u00adtor if they decide to work with you.\t\t\t\t\t\t\t\t<a href=\"#\"><br>\nLearn more<br>\n<\/a><br>\n<img decoding=\"async\" src=\"https:\/\/www.skamex.com.pl\/wp-content\/plugins\/elementor\/assets\/images\/placeholder.png\" title alt loading=\"lazy\"><\/p>\n<ul>\n<li>\n\t\t\t\t\t\t\t\t\t\t123\u2013456-7890<\/li>\n<li>\n\t\t\t\t\t\t\t\t\t\t123 Main Street, New York, NY 10001<\/li>\n<li>\n\t\t\t\t\t\t\t\t\t\tMon-Fri 9:00AM \u2014 5:00PM<\/li>\n<\/ul>\n<p><a target=\"_blank\"><br>\nFacebook\u2011f<br>\n<svg viewBox=\"0 0 320 512\"><path d=\"M279.14 288l14.22-92.66h-88.91v-60.13c0-25.35 12.42-50.06 52.24-50.06h40.42V6.26S260.43 0 225.36 0c-73.22 0-121.08 44.38-121.08 124.72v70.62H22.89V288h81.39v224h100.17V288z\" \/><\/svg>\t\t\t\t\t<\/a><br>\n<a target=\"_blank\"><br>\n<\/a><br>\n<a target=\"_blank\"><br>\nTwit\u00adter<br>\n<svg viewBox=\"0 0 512 512\"><path d=\"M459.37 151.716c.325 4.548.325 9.097.325 13.645 0 138.72-105.583 298.558-298.558 298.558-59.452 0-114.68-17.219-161.137-47.106 8.447.974 16.568 1.299 25.34 1.299 49.055 0 94.213-16.568 130.274-44.832-46.132-.975-84.792-31.188-98.112-72.772 6.498.974 12.995 1.624 19.818 1.624 9.421 0 18.843-1.3 27.614-3.573-48.081-9.747-84.143-51.98-84.143-102.985v-1.299c13.969 7.797 30.214 12.67 47.431 13.319-28.264-18.843-46.781-51.005-46.781-87.391 0-19.492 5.197-37.36 14.294-52.954 51.655 63.675 129.3 105.258 216.365 109.807-1.624-7.797-2.599-15.918-2.599-24.04 0-57.828 46.782-104.934 104.934-104.934 30.213 0 57.502 12.67 76.67 33.137 23.715-4.548 46.456-13.32 66.599-25.34-7.798 24.366-24.366 44.833-46.132 57.827 21.117-2.273 41.584-8.122 60.426-16.243-14.292 20.791-32.161 39.308-52.628 54.253z\" \/><\/svg>\t\t\t\t\t<\/a><\/p>\n<p>\u00a9 All Rights Reserved.<\/p>\n","protected":false},"excerpt":{"rendered":"<p>Jako\u015b\u0107 w trosce o bez\u00adpiecze\u0144st\u00adwo. Sprawd\u017a nasz\u0105 ofer\u00adt\u0119 O nas Jeste\u015bmy jed\u00adnym z&nbsp;czo\u0142owych dostaw\u00adc\u00f3w sprz\u0119\u00adtu medy\u00adcznego. Ofer\u00adu\u00adje\u00admy sze\u00adro\u00adki wach\u00adlarz najwy\u017cszej jako\u015b\u00adci pro\u00adduk\u00adt\u00f3w od&nbsp;renomowanych mi\u0119dzy\u00adnar\u00ado\u00addowych pro\u00addu\u00adcen\u00adt\u00f3w. Zobacz nasz\u0105 ofer\u00adt\u0119 Our Ser\u00advices This text briefly intro\u00adduces vis\u00adi\u00adtors to your main ser\u00advices. Ser\u00advice 1 A short descrip\u00adtion of the ser\u00advice and how the vis\u00adi\u00adtor will ben\u00ade\u00adfit from it. [\u2026]<\/p>\n","protected":false},"author":13,"featured_media":0,"parent":0,"menu_order":0,"comment_status":"closed","ping_status":"closed","template":"","meta":{"inline_featured_image":false,"wp_typography_post_enhancements_disabled":false,"editor_plus_post_options":"{}","editor_plus_copied_stylings":"{}","footnotes":""},"class_list":["post-14460","page","type-page","status-publish","hentry"],"yoast_head":"<!-- This site is optimized with the Yoast SEO plugin v27.1.1 - https:\/\/yoast.com\/product\/yoast-seo-wordpress\/ -->\n<title>Skamex - Zaufany Dystrybutor Sprz\u0119tu Medycznego<\/title>\n<meta name=\"robots\" content=\"index, follow, max-snippet:-1, max-image-preview:large, max-video-preview:-1\" \/>\n<link rel=\"canonical\" href=\"https:\/\/www.skamex.com.pl\/elementor-14460\" \/>\n<meta property=\"og:locale\" content=\"pl_PL\" \/>\n<meta property=\"og:type\" content=\"article\" \/>\n<meta property=\"og:title\" content=\"Skamex - Zaufany Dystrybutor Sprz\u0119tu Medycznego\" \/>\n<meta property=\"og:description\" content=\"Jako\u015b\u0107 w trosce o bezpiecze\u0144stwo. Sprawd\u017a nasz\u0105 ofer\u00adt\u0119 O nas Jeste\u015bmy jed\u00adnym z&nbsp;czo\u0142owych dostaw\u00adc\u00f3w sprz\u0119\u00adtu medy\u00adcznego. Ofer\u00adu\u00adje\u00admy sze\u00adro\u00adki wach\u00adlarz najwy\u017cszej jako\u015b\u00adci pro\u00adduk\u00adt\u00f3w od&nbsp;renomowanych mi\u0119dzy\u00adnar\u00ado\u00addowych pro\u00addu\u00adcen\u00adt\u00f3w. Zobacz nasz\u0105 ofer\u00adt\u0119 Our Services This text briefly intro\u00adduces vis\u00adi\u00adtors to your main ser\u00advices. Service 1 A short descrip\u00adtion of the ser\u00advice and how the vis\u00adi\u00adtor will ben\u00ade\u00adfit from it. [&hellip;]\" \/>\n<meta property=\"og:url\" content=\"https:\/\/www.skamex.com.pl\/elementor-14460\" \/>\n<meta property=\"og:site_name\" content=\"Skamex\" \/>\n<meta property=\"article:publisher\" content=\"https:\/\/www.facebook.com\/skamex\/\" \/>\n<meta property=\"article:modified_time\" content=\"2025-09-09T10:45:57+00:00\" \/>\n<meta property=\"og:image\" content=\"https:\/\/www.skamex.com.pl\/wp-content\/uploads\/2025\/07\/proteza-pracia1-1024x963.png\" \/>\n<meta name=\"twitter:card\" content=\"summary_large_image\" \/>\n<meta name=\"twitter:label1\" content=\"Szacowany czas czytania\" \/>\n\t<meta name=\"twitter:data1\" content=\"5 minut\" \/>\n<script type=\"application\/ld+json\" class=\"yoast-schema-graph\">{\"@context\":\"https:\/\/schema.org\",\"@graph\":[{\"@type\":\"WebPage\",\"@id\":\"https:\/\/www.skamex.com.pl\/elementor-14460\",\"url\":\"https:\/\/www.skamex.com.pl\/elementor-14460\",\"name\":\"Skamex - Zaufany Dystrybutor Sprz\u0119tu Medycznego\",\"isPartOf\":{\"@id\":\"https:\/\/www.skamex.com.pl\/#website\"},\"primaryImageOfPage\":{\"@id\":\"https:\/\/www.skamex.com.pl\/elementor-14460#primaryimage\"},\"image\":{\"@id\":\"https:\/\/www.skamex.com.pl\/elementor-14460#primaryimage\"},\"thumbnailUrl\":\"https:\/\/www.skamex.com.pl\/wp-content\/uploads\/2025\/07\/proteza-pracia1-1024x963.png\",\"datePublished\":\"2025-07-21T13:09:33+00:00\",\"dateModified\":\"2025-09-09T10:45:57+00:00\",\"breadcrumb\":{\"@id\":\"https:\/\/www.skamex.com.pl\/elementor-14460#breadcrumb\"},\"inLanguage\":\"pl-PL\",\"potentialAction\":[{\"@type\":\"ReadAction\",\"target\":[\"https:\/\/www.skamex.com.pl\/elementor-14460\"]}]},{\"@type\":\"ImageObject\",\"inLanguage\":\"pl-PL\",\"@id\":\"https:\/\/www.skamex.com.pl\/elementor-14460#primaryimage\",\"url\":\"https:\/\/www.skamex.com.pl\/wp-content\/uploads\/2025\/07\/proteza-pracia1.png\",\"contentUrl\":\"https:\/\/www.skamex.com.pl\/wp-content\/uploads\/2025\/07\/proteza-pracia1.png\",\"width\":2400,\"height\":2256},{\"@type\":\"BreadcrumbList\",\"@id\":\"https:\/\/www.skamex.com.pl\/elementor-14460#breadcrumb\",\"itemListElement\":[{\"@type\":\"ListItem\",\"position\":1,\"name\":\"Strona g\u0142\u00f3wna\",\"item\":\"https:\/\/www.skamex.com.pl\/\"},{\"@type\":\"ListItem\",\"position\":2,\"name\":\"Elementor #14460\"}]},{\"@type\":\"WebSite\",\"@id\":\"https:\/\/www.skamex.com.pl\/#website\",\"url\":\"https:\/\/www.skamex.com.pl\/\",\"name\":\"Skamex- Jako\u015b\u0107 w trosce o bezpiecze\u0144stwo\",\"description\":\"\",\"publisher\":{\"@id\":\"https:\/\/www.skamex.com.pl\/#organization\"},\"potentialAction\":[{\"@type\":\"SearchAction\",\"target\":{\"@type\":\"EntryPoint\",\"urlTemplate\":\"https:\/\/www.skamex.com.pl\/?s={search_term_string}\"},\"query-input\":{\"@type\":\"PropertyValueSpecification\",\"valueRequired\":true,\"valueName\":\"search_term_string\"}}],\"inLanguage\":\"pl-PL\"},{\"@type\":\"Organization\",\"@id\":\"https:\/\/www.skamex.com.pl\/#organization\",\"name\":\"Skamex\",\"url\":\"https:\/\/www.skamex.com.pl\/\",\"logo\":{\"@type\":\"ImageObject\",\"inLanguage\":\"pl-PL\",\"@id\":\"https:\/\/www.skamex.com.pl\/#\/schema\/logo\/image\/\",\"url\":\"https:\/\/www.skamex.com.pl\/wp-content\/uploads\/2024\/02\/logo_skamex-e1715849609970.png\",\"contentUrl\":\"https:\/\/www.skamex.com.pl\/wp-content\/uploads\/2024\/02\/logo_skamex-e1715849609970.png\",\"width\":1312,\"height\":318,\"caption\":\"Skamex\"},\"image\":{\"@id\":\"https:\/\/www.skamex.com.pl\/#\/schema\/logo\/image\/\"},\"sameAs\":[\"https:\/\/www.facebook.com\/skamex\/\",\"https:\/\/www.linkedin.com\/company\/skamex\"]}]}<\/script>\n<!-- \/ Yoast SEO plugin. -->","yoast_head_json":{"title":"Skamex - Zaufany Dystrybutor Sprz\u0119tu Medycznego","robots":{"index":"index","follow":"follow","max-snippet":"max-snippet:-1","max-image-preview":"max-image-preview:large","max-video-preview":"max-video-preview:-1"},"canonical":"https:\/\/www.skamex.com.pl\/elementor-14460","og_locale":"pl_PL","og_type":"article","og_title":"Skamex - Zaufany Dystrybutor Sprz\u0119tu Medycznego","og_description":"Jako\u015b\u0107 w trosce o bezpiecze\u0144stwo. Sprawd\u017a nasz\u0105 ofer\u00adt\u0119 O nas Jeste\u015bmy jed\u00adnym z&nbsp;czo\u0142owych dostaw\u00adc\u00f3w sprz\u0119\u00adtu medy\u00adcznego. Ofer\u00adu\u00adje\u00admy sze\u00adro\u00adki wach\u00adlarz najwy\u017cszej jako\u015b\u00adci pro\u00adduk\u00adt\u00f3w od&nbsp;renomowanych mi\u0119dzy\u00adnar\u00ado\u00addowych pro\u00addu\u00adcen\u00adt\u00f3w. Zobacz nasz\u0105 ofer\u00adt\u0119 Our Services This text briefly intro\u00adduces vis\u00adi\u00adtors to your main ser\u00advices. Service 1 A short descrip\u00adtion of the ser\u00advice and how the vis\u00adi\u00adtor will ben\u00ade\u00adfit from it. [&hellip;]","og_url":"https:\/\/www.skamex.com.pl\/elementor-14460","og_site_name":"Skamex","article_publisher":"https:\/\/www.facebook.com\/skamex\/","article_modified_time":"2025-09-09T10:45:57+00:00","og_image":[{"url":"https:\/\/www.skamex.com.pl\/wp-content\/uploads\/2025\/07\/proteza-pracia1-1024x963.png","type":"","width":"","height":""}],"twitter_card":"summary_large_image","twitter_misc":{"Szacowany czas czytania":"5 minut"},"schema":{"@context":"https:\/\/schema.org","@graph":[{"@type":"WebPage","@id":"https:\/\/www.skamex.com.pl\/elementor-14460","url":"https:\/\/www.skamex.com.pl\/elementor-14460","name":"Skamex - Zaufany Dystrybutor Sprz\u0119tu Medycznego","isPartOf":{"@id":"https:\/\/www.skamex.com.pl\/#website"},"primaryImageOfPage":{"@id":"https:\/\/www.skamex.com.pl\/elementor-14460#primaryimage"},"image":{"@id":"https:\/\/www.skamex.com.pl\/elementor-14460#primaryimage"},"thumbnailUrl":"https:\/\/www.skamex.com.pl\/wp-content\/uploads\/2025\/07\/proteza-pracia1-1024x963.png","datePublished":"2025-07-21T13:09:33+00:00","dateModified":"2025-09-09T10:45:57+00:00","breadcrumb":{"@id":"https:\/\/www.skamex.com.pl\/elementor-14460#breadcrumb"},"inLanguage":"pl-PL","potentialAction":[{"@type":"ReadAction","target":["https:\/\/www.skamex.com.pl\/elementor-14460"]}]},{"@type":"ImageObject","inLanguage":"pl-PL","@id":"https:\/\/www.skamex.com.pl\/elementor-14460#primaryimage","url":"https:\/\/www.skamex.com.pl\/wp-content\/uploads\/2025\/07\/proteza-pracia1.png","contentUrl":"https:\/\/www.skamex.com.pl\/wp-content\/uploads\/2025\/07\/proteza-pracia1.png","width":2400,"height":2256},{"@type":"BreadcrumbList","@id":"https:\/\/www.skamex.com.pl\/elementor-14460#breadcrumb","itemListElement":[{"@type":"ListItem","position":1,"name":"Strona g\u0142\u00f3wna","item":"https:\/\/www.skamex.com.pl\/"},{"@type":"ListItem","position":2,"name":"Elementor #14460"}]},{"@type":"WebSite","@id":"https:\/\/www.skamex.com.pl\/#website","url":"https:\/\/www.skamex.com.pl\/","name":"Skamex- Jako\u015b\u0107 w trosce o bezpiecze\u0144stwo","description":"","publisher":{"@id":"https:\/\/www.skamex.com.pl\/#organization"},"potentialAction":[{"@type":"SearchAction","target":{"@type":"EntryPoint","urlTemplate":"https:\/\/www.skamex.com.pl\/?s={search_term_string}"},"query-input":{"@type":"PropertyValueSpecification","valueRequired":true,"valueName":"search_term_string"}}],"inLanguage":"pl-PL"},{"@type":"Organization","@id":"https:\/\/www.skamex.com.pl\/#organization","name":"Skamex","url":"https:\/\/www.skamex.com.pl\/","logo":{"@type":"ImageObject","inLanguage":"pl-PL","@id":"https:\/\/www.skamex.com.pl\/#\/schema\/logo\/image\/","url":"https:\/\/www.skamex.com.pl\/wp-content\/uploads\/2024\/02\/logo_skamex-e1715849609970.png","contentUrl":"https:\/\/www.skamex.com.pl\/wp-content\/uploads\/2024\/02\/logo_skamex-e1715849609970.png","width":1312,"height":318,"caption":"Skamex"},"image":{"@id":"https:\/\/www.skamex.com.pl\/#\/schema\/logo\/image\/"},"sameAs":["https:\/\/www.facebook.com\/skamex\/","https:\/\/www.linkedin.com\/company\/skamex"]}]}},"acf":[],"gutenberg_blocks":[{"blockName":"custom-styles","attrs":{"styles":""}}],"meta_data":{"container":"","no_page_top_margin":false},"_links":{"self":[{"href":"https:\/\/www.skamex.com.pl\/index.php\/wp-json\/wp\/v2\/pages\/14460","targetHints":{"allow":["GET"]}}],"collection":[{"href":"https:\/\/www.skamex.com.pl\/index.php\/wp-json\/wp\/v2\/pages"}],"about":[{"href":"https:\/\/www.skamex.com.pl\/index.php\/wp-json\/wp\/v2\/types\/page"}],"author":[{"embeddable":true,"href":"https:\/\/www.skamex.com.pl\/index.php\/wp-json\/wp\/v2\/users\/13"}],"replies":[{"embeddable":true,"href":"https:\/\/www.skamex.com.pl\/index.php\/wp-json\/wp\/v2\/comments?post=14460"}],"version-history":[{"count":11,"href":"https:\/\/www.skamex.com.pl\/index.php\/wp-json\/wp\/v2\/pages\/14460\/revisions"}],"predecessor-version":[{"id":14773,"href":"https:\/\/www.skamex.com.pl\/index.php\/wp-json\/wp\/v2\/pages\/14460\/revisions\/14773"}],"wp:attachment":[{"href":"https:\/\/www.skamex.com.pl\/index.php\/wp-json\/wp\/v2\/media?parent=14460"}],"curies":[{"name":"wp","href":"https:\/\/api.w.org\/{rel}","templated":true}]}}