{"id":14417,"date":"2025-07-21T11:59:12","date_gmt":"2025-07-21T09:59:12","guid":{"rendered":"https:\/\/www.skamex.com.pl\/?page_id=14417"},"modified":"2025-07-24T13:14:27","modified_gmt":"2025-07-24T11:14:27","slug":"darmowy-e-book-jak-zapobiegac-podraznieniom-skornym","status":"publish","type":"page","link":"https:\/\/www.skamex.com.pl\/darmowy-e-book-jak-zapobiegac-podraznieniom-skornym","title":{"rendered":"Darmowy E\u2011BOOK Jak zapobiega\u0107 podra\u017cnieniom sk\u00f3rnym?"},"content":{"rendered":"\n<p class=\" eplus-wrapper\"><\/p>\n\n\n\n<p class=\" eplus-wrapper\"><\/p>\n","protected":false},"excerpt":{"rendered":"","protected":false},"author":13,"featured_media":14418,"parent":0,"menu_order":0,"comment_status":"closed","ping_status":"closed","template":"","meta":{"inline_featured_image":false,"wp_typography_post_enhancements_disabled":false,"editor_plus_post_options":"{}","editor_plus_copied_stylings":"{}","footnotes":""},"class_list":["post-14417","page","type-page","status-publish","has-post-thumbnail","hentry"],"yoast_head":"<!-- This site is optimized with the Yoast SEO plugin v27.1.1 - https:\/\/yoast.com\/product\/yoast-seo-wordpress\/ -->\n<title>Skamex - Zaufany Dystrybutor Sprz\u0119tu Medycznego<\/title>\n<meta name=\"robots\" content=\"index, follow, max-snippet:-1, max-image-preview:large, max-video-preview:-1\" \/>\n<link rel=\"canonical\" href=\"https:\/\/www.skamex.com.pl\/darmowy-e-book-jak-zapobiegac-podraznieniom-skornym\" \/>\n<meta property=\"og:locale\" content=\"pl_PL\" \/>\n<meta property=\"og:type\" content=\"article\" \/>\n<meta property=\"og:title\" content=\"Skamex - Zaufany Dystrybutor Sprz\u0119tu Medycznego\" \/>\n<meta property=\"og:url\" content=\"https:\/\/www.skamex.com.pl\/darmowy-e-book-jak-zapobiegac-podraznieniom-skornym\" \/>\n<meta property=\"og:site_name\" content=\"Skamex\" \/>\n<meta property=\"article:publisher\" content=\"https:\/\/www.facebook.com\/skamex\/\" \/>\n<meta property=\"article:modified_time\" content=\"2025-07-24T11:14:27+00:00\" \/>\n<meta property=\"og:image\" content=\"https:\/\/www.skamex.com.pl\/wp-content\/uploads\/2025\/07\/ebook-mockup1.png\" \/>\n\t<meta property=\"og:image:width\" content=\"1375\" \/>\n\t<meta property=\"og:image:height\" content=\"1626\" \/>\n\t<meta property=\"og:image:type\" content=\"image\/png\" \/>\n<meta name=\"twitter:card\" content=\"summary_large_image\" \/>\n<meta name=\"twitter:label1\" content=\"Szacowany czas czytania\" \/>\n\t<meta name=\"twitter:data1\" content=\"1 minuta\" \/>\n<script type=\"application\/ld+json\" class=\"yoast-schema-graph\">{\"@context\":\"https:\/\/schema.org\",\"@graph\":[{\"@type\":\"WebPage\",\"@id\":\"https:\/\/www.skamex.com.pl\/darmowy-e-book-jak-zapobiegac-podraznieniom-skornym\",\"url\":\"https:\/\/www.skamex.com.pl\/darmowy-e-book-jak-zapobiegac-podraznieniom-skornym\",\"name\":\"Skamex - Zaufany Dystrybutor Sprz\u0119tu Medycznego\",\"isPartOf\":{\"@id\":\"https:\/\/www.skamex.com.pl\/#website\"},\"primaryImageOfPage\":{\"@id\":\"https:\/\/www.skamex.com.pl\/darmowy-e-book-jak-zapobiegac-podraznieniom-skornym#primaryimage\"},\"image\":{\"@id\":\"https:\/\/www.skamex.com.pl\/darmowy-e-book-jak-zapobiegac-podraznieniom-skornym#primaryimage\"},\"thumbnailUrl\":\"https:\/\/www.skamex.com.pl\/wp-content\/uploads\/2025\/07\/ebook-mockup1.png\",\"datePublished\":\"2025-07-21T09:59:12+00:00\",\"dateModified\":\"2025-07-24T11:14:27+00:00\",\"breadcrumb\":{\"@id\":\"https:\/\/www.skamex.com.pl\/darmowy-e-book-jak-zapobiegac-podraznieniom-skornym#breadcrumb\"},\"inLanguage\":\"pl-PL\",\"potentialAction\":[{\"@type\":\"ReadAction\",\"target\":[\"https:\/\/www.skamex.com.pl\/darmowy-e-book-jak-zapobiegac-podraznieniom-skornym\"]}]},{\"@type\":\"ImageObject\",\"inLanguage\":\"pl-PL\",\"@id\":\"https:\/\/www.skamex.com.pl\/darmowy-e-book-jak-zapobiegac-podraznieniom-skornym#primaryimage\",\"url\":\"https:\/\/www.skamex.com.pl\/wp-content\/uploads\/2025\/07\/ebook-mockup1.png\",\"contentUrl\":\"https:\/\/www.skamex.com.pl\/wp-content\/uploads\/2025\/07\/ebook-mockup1.png\",\"width\":1375,\"height\":1626},{\"@type\":\"BreadcrumbList\",\"@id\":\"https:\/\/www.skamex.com.pl\/darmowy-e-book-jak-zapobiegac-podraznieniom-skornym#breadcrumb\",\"itemListElement\":[{\"@type\":\"ListItem\",\"position\":1,\"name\":\"Strona g\u0142\u00f3wna\",\"item\":\"https:\/\/www.skamex.com.pl\/\"},{\"@type\":\"ListItem\",\"position\":2,\"name\":\"Darmowy E\u2011BOOK Jak zapobiega\u0107 podra\u017cnieniom sk\u00f3rnym?\"}]},{\"@type\":\"WebSite\",\"@id\":\"https:\/\/www.skamex.com.pl\/#website\",\"url\":\"https:\/\/www.skamex.com.pl\/\",\"name\":\"Skamex- Jako\u015b\u0107 w trosce o bezpiecze\u0144stwo\",\"description\":\"\",\"publisher\":{\"@id\":\"https:\/\/www.skamex.com.pl\/#organization\"},\"potentialAction\":[{\"@type\":\"SearchAction\",\"target\":{\"@type\":\"EntryPoint\",\"urlTemplate\":\"https:\/\/www.skamex.com.pl\/?s={search_term_string}\"},\"query-input\":{\"@type\":\"PropertyValueSpecification\",\"valueRequired\":true,\"valueName\":\"search_term_string\"}}],\"inLanguage\":\"pl-PL\"},{\"@type\":\"Organization\",\"@id\":\"https:\/\/www.skamex.com.pl\/#organization\",\"name\":\"Skamex\",\"url\":\"https:\/\/www.skamex.com.pl\/\",\"logo\":{\"@type\":\"ImageObject\",\"inLanguage\":\"pl-PL\",\"@id\":\"https:\/\/www.skamex.com.pl\/#\/schema\/logo\/image\/\",\"url\":\"https:\/\/www.skamex.com.pl\/wp-content\/uploads\/2024\/02\/logo_skamex-e1715849609970.png\",\"contentUrl\":\"https:\/\/www.skamex.com.pl\/wp-content\/uploads\/2024\/02\/logo_skamex-e1715849609970.png\",\"width\":1312,\"height\":318,\"caption\":\"Skamex\"},\"image\":{\"@id\":\"https:\/\/www.skamex.com.pl\/#\/schema\/logo\/image\/\"},\"sameAs\":[\"https:\/\/www.facebook.com\/skamex\/\",\"https:\/\/www.linkedin.com\/company\/skamex\"]}]}<\/script>\n<!-- \/ Yoast SEO plugin. -->","yoast_head_json":{"title":"Skamex - Zaufany Dystrybutor Sprz\u0119tu Medycznego","robots":{"index":"index","follow":"follow","max-snippet":"max-snippet:-1","max-image-preview":"max-image-preview:large","max-video-preview":"max-video-preview:-1"},"canonical":"https:\/\/www.skamex.com.pl\/darmowy-e-book-jak-zapobiegac-podraznieniom-skornym","og_locale":"pl_PL","og_type":"article","og_title":"Skamex - Zaufany Dystrybutor Sprz\u0119tu Medycznego","og_url":"https:\/\/www.skamex.com.pl\/darmowy-e-book-jak-zapobiegac-podraznieniom-skornym","og_site_name":"Skamex","article_publisher":"https:\/\/www.facebook.com\/skamex\/","article_modified_time":"2025-07-24T11:14:27+00:00","og_image":[{"width":1375,"height":1626,"url":"https:\/\/www.skamex.com.pl\/wp-content\/uploads\/2025\/07\/ebook-mockup1.png","type":"image\/png"}],"twitter_card":"summary_large_image","twitter_misc":{"Szacowany czas czytania":"1 minuta"},"schema":{"@context":"https:\/\/schema.org","@graph":[{"@type":"WebPage","@id":"https:\/\/www.skamex.com.pl\/darmowy-e-book-jak-zapobiegac-podraznieniom-skornym","url":"https:\/\/www.skamex.com.pl\/darmowy-e-book-jak-zapobiegac-podraznieniom-skornym","name":"Skamex - Zaufany Dystrybutor Sprz\u0119tu Medycznego","isPartOf":{"@id":"https:\/\/www.skamex.com.pl\/#website"},"primaryImageOfPage":{"@id":"https:\/\/www.skamex.com.pl\/darmowy-e-book-jak-zapobiegac-podraznieniom-skornym#primaryimage"},"image":{"@id":"https:\/\/www.skamex.com.pl\/darmowy-e-book-jak-zapobiegac-podraznieniom-skornym#primaryimage"},"thumbnailUrl":"https:\/\/www.skamex.com.pl\/wp-content\/uploads\/2025\/07\/ebook-mockup1.png","datePublished":"2025-07-21T09:59:12+00:00","dateModified":"2025-07-24T11:14:27+00:00","breadcrumb":{"@id":"https:\/\/www.skamex.com.pl\/darmowy-e-book-jak-zapobiegac-podraznieniom-skornym#breadcrumb"},"inLanguage":"pl-PL","potentialAction":[{"@type":"ReadAction","target":["https:\/\/www.skamex.com.pl\/darmowy-e-book-jak-zapobiegac-podraznieniom-skornym"]}]},{"@type":"ImageObject","inLanguage":"pl-PL","@id":"https:\/\/www.skamex.com.pl\/darmowy-e-book-jak-zapobiegac-podraznieniom-skornym#primaryimage","url":"https:\/\/www.skamex.com.pl\/wp-content\/uploads\/2025\/07\/ebook-mockup1.png","contentUrl":"https:\/\/www.skamex.com.pl\/wp-content\/uploads\/2025\/07\/ebook-mockup1.png","width":1375,"height":1626},{"@type":"BreadcrumbList","@id":"https:\/\/www.skamex.com.pl\/darmowy-e-book-jak-zapobiegac-podraznieniom-skornym#breadcrumb","itemListElement":[{"@type":"ListItem","position":1,"name":"Strona g\u0142\u00f3wna","item":"https:\/\/www.skamex.com.pl\/"},{"@type":"ListItem","position":2,"name":"Darmowy E\u2011BOOK Jak zapobiega\u0107 podra\u017cnieniom sk\u00f3rnym?"}]},{"@type":"WebSite","@id":"https:\/\/www.skamex.com.pl\/#website","url":"https:\/\/www.skamex.com.pl\/","name":"Skamex- Jako\u015b\u0107 w trosce o bezpiecze\u0144stwo","description":"","publisher":{"@id":"https:\/\/www.skamex.com.pl\/#organization"},"potentialAction":[{"@type":"SearchAction","target":{"@type":"EntryPoint","urlTemplate":"https:\/\/www.skamex.com.pl\/?s={search_term_string}"},"query-input":{"@type":"PropertyValueSpecification","valueRequired":true,"valueName":"search_term_string"}}],"inLanguage":"pl-PL"},{"@type":"Organization","@id":"https:\/\/www.skamex.com.pl\/#organization","name":"Skamex","url":"https:\/\/www.skamex.com.pl\/","logo":{"@type":"ImageObject","inLanguage":"pl-PL","@id":"https:\/\/www.skamex.com.pl\/#\/schema\/logo\/image\/","url":"https:\/\/www.skamex.com.pl\/wp-content\/uploads\/2024\/02\/logo_skamex-e1715849609970.png","contentUrl":"https:\/\/www.skamex.com.pl\/wp-content\/uploads\/2024\/02\/logo_skamex-e1715849609970.png","width":1312,"height":318,"caption":"Skamex"},"image":{"@id":"https:\/\/www.skamex.com.pl\/#\/schema\/logo\/image\/"},"sameAs":["https:\/\/www.facebook.com\/skamex\/","https:\/\/www.linkedin.com\/company\/skamex"]}]}},"acf":[],"gutenberg_blocks":[{"blockName":"custom-styles","attrs":{"styles":""}},{"blockName":"core\/paragraph","attrs":{"epAnimationGeneratedClass":"edplus_anim-KfeCOa","epGeneratedClass":"eplus-wrapper"},"innerBlocks":[],"innerHTML":"\n<p class=\" eplus-wrapper\"><\/p>\n","innerContent":["\n<p class=\" eplus-wrapper\"><\/p>\n"]},{"blockName":"core\/paragraph","attrs":{"epAnimationGeneratedClass":"edplus_anim-ja28pN","epGeneratedClass":"eplus-wrapper"},"innerBlocks":[],"innerHTML":"\n<p class=\" eplus-wrapper\"><\/p>\n","innerContent":["\n<p class=\" eplus-wrapper\"><\/p>\n"]}],"meta_data":{"container":"","no_page_top_margin":false},"_links":{"self":[{"href":"https:\/\/www.skamex.com.pl\/index.php\/wp-json\/wp\/v2\/pages\/14417","targetHints":{"allow":["GET"]}}],"collection":[{"href":"https:\/\/www.skamex.com.pl\/index.php\/wp-json\/wp\/v2\/pages"}],"about":[{"href":"https:\/\/www.skamex.com.pl\/index.php\/wp-json\/wp\/v2\/types\/page"}],"author":[{"embeddable":true,"href":"https:\/\/www.skamex.com.pl\/index.php\/wp-json\/wp\/v2\/users\/13"}],"replies":[{"embeddable":true,"href":"https:\/\/www.skamex.com.pl\/index.php\/wp-json\/wp\/v2\/comments?post=14417"}],"version-history":[{"count":1,"href":"https:\/\/www.skamex.com.pl\/index.php\/wp-json\/wp\/v2\/pages\/14417\/revisions"}],"predecessor-version":[{"id":14419,"href":"https:\/\/www.skamex.com.pl\/index.php\/wp-json\/wp\/v2\/pages\/14417\/revisions\/14419"}],"wp:featuredmedia":[{"embeddable":true,"href":"https:\/\/www.skamex.com.pl\/index.php\/wp-json\/wp\/v2\/media\/14418"}],"wp:attachment":[{"href":"https:\/\/www.skamex.com.pl\/index.php\/wp-json\/wp\/v2\/media?parent=14417"}],"curies":[{"name":"wp","href":"https:\/\/api.w.org\/{rel}","templated":true}]}}