{"id":14327,"date":"2025-06-02T14:01:09","date_gmt":"2025-06-02T12:01:09","guid":{"rendered":"https:\/\/www.skamex.com.pl\/?page_id=14327"},"modified":"2025-06-02T14:01:09","modified_gmt":"2025-06-02T12:01:09","slug":"katalog-opatrunki","status":"publish","type":"page","link":"https:\/\/www.skamex.com.pl\/katalog-opatrunki","title":{"rendered":"Katalog opatrunki"},"content":{"rendered":"\n<p class=\" eplus-wrapper\"><\/p>\n\n\n\n<div data-wp-interactive=\"core\/file\" class=\"wp-block-file eplus-wrapper\"><object data-wp-bind--hidden=\"!state.hasPdfPreview\" hidden class=\"wp-block-file__embed\" data=\"https:\/\/www.skamex.com.pl\/wp-content\/uploads\/2025\/06\/Katalog_Opatrunki-Sorbaview_SHIELD_PL_KRV.pdf\" type=\"application\/pdf\" style=\"width:100%;height:600px\" aria-label=\"Osadzone z Katalog_Opatrunki Sorbaview_SHIELD_PL_KRV.\"><\/object><a id=\"wp-block-file--media-44f1064e-f47f-4fd0-a747-23e5f857f5ba\" href=\"https:\/\/www.skamex.com.pl\/wp-content\/uploads\/2025\/06\/Katalog_Opatrunki-Sorbaview_SHIELD_PL_KRV.pdf\">Katalog_Opatrunki Sorbaview_SHIELD_PL_KRV<\/a><a href=\"https:\/\/www.skamex.com.pl\/wp-content\/uploads\/2025\/06\/Katalog_Opatrunki-Sorbaview_SHIELD_PL_KRV.pdf\" class=\"wp-block-file__button wp-element-button\" download aria-describedby=\"wp-block-file--media-44f1064e-f47f-4fd0-a747-23e5f857f5ba\">Pobierz<\/a><\/div>\n","protected":false},"excerpt":{"rendered":"","protected":false},"author":13,"featured_media":0,"parent":0,"menu_order":0,"comment_status":"closed","ping_status":"closed","template":"","meta":{"inline_featured_image":false,"wp_typography_post_enhancements_disabled":false,"editor_plus_post_options":"{}","editor_plus_copied_stylings":"{}","footnotes":""},"class_list":["post-14327","page","type-page","status-publish","hentry"],"yoast_head":"<!-- This site is optimized with the Yoast SEO plugin v27.1.1 - https:\/\/yoast.com\/product\/yoast-seo-wordpress\/ -->\n<title>Skamex - Zaufany Dystrybutor Sprz\u0119tu Medycznego<\/title>\n<meta name=\"robots\" content=\"index, follow, max-snippet:-1, max-image-preview:large, max-video-preview:-1\" \/>\n<link rel=\"canonical\" href=\"https:\/\/www.skamex.com.pl\/katalog-opatrunki\" \/>\n<meta property=\"og:locale\" content=\"pl_PL\" \/>\n<meta property=\"og:type\" content=\"article\" \/>\n<meta property=\"og:title\" content=\"Skamex - Zaufany Dystrybutor Sprz\u0119tu Medycznego\" \/>\n<meta property=\"og:url\" content=\"https:\/\/www.skamex.com.pl\/katalog-opatrunki\" \/>\n<meta property=\"og:site_name\" content=\"Skamex\" \/>\n<meta property=\"article:publisher\" content=\"https:\/\/www.facebook.com\/skamex\/\" \/>\n<meta name=\"twitter:card\" content=\"summary_large_image\" \/>\n<script type=\"application\/ld+json\" class=\"yoast-schema-graph\">{\"@context\":\"https:\/\/schema.org\",\"@graph\":[{\"@type\":\"WebPage\",\"@id\":\"https:\/\/www.skamex.com.pl\/katalog-opatrunki\",\"url\":\"https:\/\/www.skamex.com.pl\/katalog-opatrunki\",\"name\":\"Skamex - Zaufany Dystrybutor Sprz\u0119tu Medycznego\",\"isPartOf\":{\"@id\":\"https:\/\/www.skamex.com.pl\/#website\"},\"datePublished\":\"2025-06-02T12:01:09+00:00\",\"breadcrumb\":{\"@id\":\"https:\/\/www.skamex.com.pl\/katalog-opatrunki#breadcrumb\"},\"inLanguage\":\"pl-PL\",\"potentialAction\":[{\"@type\":\"ReadAction\",\"target\":[\"https:\/\/www.skamex.com.pl\/katalog-opatrunki\"]}]},{\"@type\":\"BreadcrumbList\",\"@id\":\"https:\/\/www.skamex.com.pl\/katalog-opatrunki#breadcrumb\",\"itemListElement\":[{\"@type\":\"ListItem\",\"position\":1,\"name\":\"Strona g\u0142\u00f3wna\",\"item\":\"https:\/\/www.skamex.com.pl\/\"},{\"@type\":\"ListItem\",\"position\":2,\"name\":\"Katalog opatrunki\"}]},{\"@type\":\"WebSite\",\"@id\":\"https:\/\/www.skamex.com.pl\/#website\",\"url\":\"https:\/\/www.skamex.com.pl\/\",\"name\":\"Skamex- Jako\u015b\u0107 w trosce o bezpiecze\u0144stwo\",\"description\":\"\",\"publisher\":{\"@id\":\"https:\/\/www.skamex.com.pl\/#organization\"},\"potentialAction\":[{\"@type\":\"SearchAction\",\"target\":{\"@type\":\"EntryPoint\",\"urlTemplate\":\"https:\/\/www.skamex.com.pl\/?s={search_term_string}\"},\"query-input\":{\"@type\":\"PropertyValueSpecification\",\"valueRequired\":true,\"valueName\":\"search_term_string\"}}],\"inLanguage\":\"pl-PL\"},{\"@type\":\"Organization\",\"@id\":\"https:\/\/www.skamex.com.pl\/#organization\",\"name\":\"Skamex\",\"url\":\"https:\/\/www.skamex.com.pl\/\",\"logo\":{\"@type\":\"ImageObject\",\"inLanguage\":\"pl-PL\",\"@id\":\"https:\/\/www.skamex.com.pl\/#\/schema\/logo\/image\/\",\"url\":\"https:\/\/www.skamex.com.pl\/wp-content\/uploads\/2024\/02\/logo_skamex-e1715849609970.png\",\"contentUrl\":\"https:\/\/www.skamex.com.pl\/wp-content\/uploads\/2024\/02\/logo_skamex-e1715849609970.png\",\"width\":1312,\"height\":318,\"caption\":\"Skamex\"},\"image\":{\"@id\":\"https:\/\/www.skamex.com.pl\/#\/schema\/logo\/image\/\"},\"sameAs\":[\"https:\/\/www.facebook.com\/skamex\/\",\"https:\/\/www.linkedin.com\/company\/skamex\"]}]}<\/script>\n<!-- \/ Yoast SEO plugin. -->","yoast_head_json":{"title":"Skamex - Zaufany Dystrybutor Sprz\u0119tu Medycznego","robots":{"index":"index","follow":"follow","max-snippet":"max-snippet:-1","max-image-preview":"max-image-preview:large","max-video-preview":"max-video-preview:-1"},"canonical":"https:\/\/www.skamex.com.pl\/katalog-opatrunki","og_locale":"pl_PL","og_type":"article","og_title":"Skamex - Zaufany Dystrybutor Sprz\u0119tu Medycznego","og_url":"https:\/\/www.skamex.com.pl\/katalog-opatrunki","og_site_name":"Skamex","article_publisher":"https:\/\/www.facebook.com\/skamex\/","twitter_card":"summary_large_image","schema":{"@context":"https:\/\/schema.org","@graph":[{"@type":"WebPage","@id":"https:\/\/www.skamex.com.pl\/katalog-opatrunki","url":"https:\/\/www.skamex.com.pl\/katalog-opatrunki","name":"Skamex - Zaufany Dystrybutor Sprz\u0119tu Medycznego","isPartOf":{"@id":"https:\/\/www.skamex.com.pl\/#website"},"datePublished":"2025-06-02T12:01:09+00:00","breadcrumb":{"@id":"https:\/\/www.skamex.com.pl\/katalog-opatrunki#breadcrumb"},"inLanguage":"pl-PL","potentialAction":[{"@type":"ReadAction","target":["https:\/\/www.skamex.com.pl\/katalog-opatrunki"]}]},{"@type":"BreadcrumbList","@id":"https:\/\/www.skamex.com.pl\/katalog-opatrunki#breadcrumb","itemListElement":[{"@type":"ListItem","position":1,"name":"Strona g\u0142\u00f3wna","item":"https:\/\/www.skamex.com.pl\/"},{"@type":"ListItem","position":2,"name":"Katalog opatrunki"}]},{"@type":"WebSite","@id":"https:\/\/www.skamex.com.pl\/#website","url":"https:\/\/www.skamex.com.pl\/","name":"Skamex- Jako\u015b\u0107 w trosce o bezpiecze\u0144stwo","description":"","publisher":{"@id":"https:\/\/www.skamex.com.pl\/#organization"},"potentialAction":[{"@type":"SearchAction","target":{"@type":"EntryPoint","urlTemplate":"https:\/\/www.skamex.com.pl\/?s={search_term_string}"},"query-input":{"@type":"PropertyValueSpecification","valueRequired":true,"valueName":"search_term_string"}}],"inLanguage":"pl-PL"},{"@type":"Organization","@id":"https:\/\/www.skamex.com.pl\/#organization","name":"Skamex","url":"https:\/\/www.skamex.com.pl\/","logo":{"@type":"ImageObject","inLanguage":"pl-PL","@id":"https:\/\/www.skamex.com.pl\/#\/schema\/logo\/image\/","url":"https:\/\/www.skamex.com.pl\/wp-content\/uploads\/2024\/02\/logo_skamex-e1715849609970.png","contentUrl":"https:\/\/www.skamex.com.pl\/wp-content\/uploads\/2024\/02\/logo_skamex-e1715849609970.png","width":1312,"height":318,"caption":"Skamex"},"image":{"@id":"https:\/\/www.skamex.com.pl\/#\/schema\/logo\/image\/"},"sameAs":["https:\/\/www.facebook.com\/skamex\/","https:\/\/www.linkedin.com\/company\/skamex"]}]}},"acf":[],"gutenberg_blocks":[{"blockName":"custom-styles","attrs":{"styles":""}},{"blockName":"core\/paragraph","attrs":{"epAnimationGeneratedClass":"edplus_anim-t09cjI","epGeneratedClass":"eplus-wrapper"},"innerBlocks":[],"innerHTML":"\n<p class=\" eplus-wrapper\"><\/p>\n","innerContent":["\n<p class=\" eplus-wrapper\"><\/p>\n"]},{"blockName":"core\/file","attrs":{"id":14328,"href":"https:\/\/www.skamex.com.pl\/wp-content\/uploads\/2025\/06\/Katalog_Opatrunki-Sorbaview_SHIELD_PL_KRV.pdf","displayPreview":true,"epAnimationGeneratedClass":"edplus_anim-xzvEjY","epGeneratedClass":"eplus-wrapper"},"innerBlocks":[],"innerHTML":"\n<div class=\"wp-block-file eplus-wrapper\"><object class=\"wp-block-file__embed\" data=\"https:\/\/www.skamex.com.pl\/wp-content\/uploads\/2025\/06\/Katalog_Opatrunki-Sorbaview_SHIELD_PL_KRV.pdf\" type=\"application\/pdf\" style=\"width:100%;height:600px\" aria-label=\"Katalog_Opatrunki Sorbaview_SHIELD_PL_KRV\"><\/object><a id=\"wp-block-file--media-44f1064e-f47f-4fd0-a747-23e5f857f5ba\" href=\"https:\/\/www.skamex.com.pl\/wp-content\/uploads\/2025\/06\/Katalog_Opatrunki-Sorbaview_SHIELD_PL_KRV.pdf\">Katalog_Opatrunki Sorbaview_SHIELD_PL_KRV<\/a><a href=\"https:\/\/www.skamex.com.pl\/wp-content\/uploads\/2025\/06\/Katalog_Opatrunki-Sorbaview_SHIELD_PL_KRV.pdf\" class=\"wp-block-file__button wp-element-button\" download aria-describedby=\"wp-block-file--media-44f1064e-f47f-4fd0-a747-23e5f857f5ba\">Pobierz<\/a><\/div>\n","innerContent":["\n<div class=\"wp-block-file eplus-wrapper\"><object class=\"wp-block-file__embed\" data=\"https:\/\/www.skamex.com.pl\/wp-content\/uploads\/2025\/06\/Katalog_Opatrunki-Sorbaview_SHIELD_PL_KRV.pdf\" type=\"application\/pdf\" style=\"width:100%;height:600px\" aria-label=\"Katalog_Opatrunki Sorbaview_SHIELD_PL_KRV\"><\/object><a id=\"wp-block-file--media-44f1064e-f47f-4fd0-a747-23e5f857f5ba\" href=\"https:\/\/www.skamex.com.pl\/wp-content\/uploads\/2025\/06\/Katalog_Opatrunki-Sorbaview_SHIELD_PL_KRV.pdf\">Katalog_Opatrunki Sorbaview_SHIELD_PL_KRV<\/a><a href=\"https:\/\/www.skamex.com.pl\/wp-content\/uploads\/2025\/06\/Katalog_Opatrunki-Sorbaview_SHIELD_PL_KRV.pdf\" class=\"wp-block-file__button wp-element-button\" download aria-describedby=\"wp-block-file--media-44f1064e-f47f-4fd0-a747-23e5f857f5ba\">Pobierz<\/a><\/div>\n"]}],"meta_data":{"container":"","no_page_top_margin":false},"_links":{"self":[{"href":"https:\/\/www.skamex.com.pl\/index.php\/wp-json\/wp\/v2\/pages\/14327","targetHints":{"allow":["GET"]}}],"collection":[{"href":"https:\/\/www.skamex.com.pl\/index.php\/wp-json\/wp\/v2\/pages"}],"about":[{"href":"https:\/\/www.skamex.com.pl\/index.php\/wp-json\/wp\/v2\/types\/page"}],"author":[{"embeddable":true,"href":"https:\/\/www.skamex.com.pl\/index.php\/wp-json\/wp\/v2\/users\/13"}],"replies":[{"embeddable":true,"href":"https:\/\/www.skamex.com.pl\/index.php\/wp-json\/wp\/v2\/comments?post=14327"}],"version-history":[{"count":1,"href":"https:\/\/www.skamex.com.pl\/index.php\/wp-json\/wp\/v2\/pages\/14327\/revisions"}],"predecessor-version":[{"id":14329,"href":"https:\/\/www.skamex.com.pl\/index.php\/wp-json\/wp\/v2\/pages\/14327\/revisions\/14329"}],"wp:attachment":[{"href":"https:\/\/www.skamex.com.pl\/index.php\/wp-json\/wp\/v2\/media?parent=14327"}],"curies":[{"name":"wp","href":"https:\/\/api.w.org\/{rel}","templated":true}]}}