{"id":14318,"date":"2025-06-02T13:52:33","date_gmt":"2025-06-02T11:52:33","guid":{"rendered":"https:\/\/www.skamex.com.pl\/?page_id=14318"},"modified":"2025-06-02T13:52:33","modified_gmt":"2025-06-02T11:52:33","slug":"technologia-flex-tip","status":"publish","type":"page","link":"https:\/\/www.skamex.com.pl\/technologia-flex-tip","title":{"rendered":"Technologia Flex-Tip\u00ae"},"content":{"rendered":"\n<p class=\" eplus-wrapper\"><\/p>\n\n\n\n<div data-wp-interactive=\"core\/file\" class=\"wp-block-file eplus-wrapper\"><object data-wp-bind--hidden=\"!state.hasPdfPreview\" hidden class=\"wp-block-file__embed\" data=\"https:\/\/www.skamex.com.pl\/wp-content\/uploads\/2025\/06\/BRO-20019-C1_Flex-Tip_Brochure_Rev1-PL_KRV.pdf\" type=\"application\/pdf\" style=\"width:100%;height:600px\" aria-label=\"Osadzone z BRO-20019-C1_Flex-Tip_Brochure_Rev1 PL_KRV.\"><\/object><a id=\"wp-block-file--media-f0881220-ce27-4c77-bfb8-070a41ecfece\" href=\"https:\/\/www.skamex.com.pl\/wp-content\/uploads\/2025\/06\/BRO-20019-C1_Flex-Tip_Brochure_Rev1-PL_KRV.pdf\">BRO-20019-C1_Flex-Tip_Brochure_Rev1 PL_KRV<\/a><a href=\"https:\/\/www.skamex.com.pl\/wp-content\/uploads\/2025\/06\/BRO-20019-C1_Flex-Tip_Brochure_Rev1-PL_KRV.pdf\" class=\"wp-block-file__button wp-element-button\" download aria-describedby=\"wp-block-file--media-f0881220-ce27-4c77-bfb8-070a41ecfece\">Pobierz<\/a><\/div>\n","protected":false},"excerpt":{"rendered":"","protected":false},"author":13,"featured_media":0,"parent":0,"menu_order":0,"comment_status":"closed","ping_status":"closed","template":"","meta":{"inline_featured_image":false,"wp_typography_post_enhancements_disabled":false,"editor_plus_post_options":"{}","editor_plus_copied_stylings":"{}","footnotes":""},"class_list":["post-14318","page","type-page","status-publish","hentry"],"yoast_head":"<!-- This site is optimized with the Yoast SEO plugin v27.1.1 - https:\/\/yoast.com\/product\/yoast-seo-wordpress\/ -->\n<title>Skamex - Zaufany Dystrybutor Sprz\u0119tu Medycznego<\/title>\n<meta name=\"robots\" content=\"index, follow, max-snippet:-1, max-image-preview:large, max-video-preview:-1\" \/>\n<link rel=\"canonical\" href=\"https:\/\/www.skamex.com.pl\/technologia-flex-tip\" \/>\n<meta property=\"og:locale\" content=\"pl_PL\" \/>\n<meta property=\"og:type\" content=\"article\" \/>\n<meta property=\"og:title\" content=\"Skamex - Zaufany Dystrybutor Sprz\u0119tu Medycznego\" \/>\n<meta property=\"og:url\" content=\"https:\/\/www.skamex.com.pl\/technologia-flex-tip\" \/>\n<meta property=\"og:site_name\" content=\"Skamex\" \/>\n<meta property=\"article:publisher\" content=\"https:\/\/www.facebook.com\/skamex\/\" \/>\n<meta name=\"twitter:card\" content=\"summary_large_image\" \/>\n<script type=\"application\/ld+json\" class=\"yoast-schema-graph\">{\"@context\":\"https:\/\/schema.org\",\"@graph\":[{\"@type\":\"WebPage\",\"@id\":\"https:\/\/www.skamex.com.pl\/technologia-flex-tip\",\"url\":\"https:\/\/www.skamex.com.pl\/technologia-flex-tip\",\"name\":\"Skamex - Zaufany Dystrybutor Sprz\u0119tu Medycznego\",\"isPartOf\":{\"@id\":\"https:\/\/www.skamex.com.pl\/#website\"},\"datePublished\":\"2025-06-02T11:52:33+00:00\",\"breadcrumb\":{\"@id\":\"https:\/\/www.skamex.com.pl\/technologia-flex-tip#breadcrumb\"},\"inLanguage\":\"pl-PL\",\"potentialAction\":[{\"@type\":\"ReadAction\",\"target\":[\"https:\/\/www.skamex.com.pl\/technologia-flex-tip\"]}]},{\"@type\":\"BreadcrumbList\",\"@id\":\"https:\/\/www.skamex.com.pl\/technologia-flex-tip#breadcrumb\",\"itemListElement\":[{\"@type\":\"ListItem\",\"position\":1,\"name\":\"Strona g\u0142\u00f3wna\",\"item\":\"https:\/\/www.skamex.com.pl\/\"},{\"@type\":\"ListItem\",\"position\":2,\"name\":\"Technologia Flex-Tip\u00ae\"}]},{\"@type\":\"WebSite\",\"@id\":\"https:\/\/www.skamex.com.pl\/#website\",\"url\":\"https:\/\/www.skamex.com.pl\/\",\"name\":\"Skamex- Jako\u015b\u0107 w trosce o bezpiecze\u0144stwo\",\"description\":\"\",\"publisher\":{\"@id\":\"https:\/\/www.skamex.com.pl\/#organization\"},\"potentialAction\":[{\"@type\":\"SearchAction\",\"target\":{\"@type\":\"EntryPoint\",\"urlTemplate\":\"https:\/\/www.skamex.com.pl\/?s={search_term_string}\"},\"query-input\":{\"@type\":\"PropertyValueSpecification\",\"valueRequired\":true,\"valueName\":\"search_term_string\"}}],\"inLanguage\":\"pl-PL\"},{\"@type\":\"Organization\",\"@id\":\"https:\/\/www.skamex.com.pl\/#organization\",\"name\":\"Skamex\",\"url\":\"https:\/\/www.skamex.com.pl\/\",\"logo\":{\"@type\":\"ImageObject\",\"inLanguage\":\"pl-PL\",\"@id\":\"https:\/\/www.skamex.com.pl\/#\/schema\/logo\/image\/\",\"url\":\"https:\/\/www.skamex.com.pl\/wp-content\/uploads\/2024\/02\/logo_skamex-e1715849609970.png\",\"contentUrl\":\"https:\/\/www.skamex.com.pl\/wp-content\/uploads\/2024\/02\/logo_skamex-e1715849609970.png\",\"width\":1312,\"height\":318,\"caption\":\"Skamex\"},\"image\":{\"@id\":\"https:\/\/www.skamex.com.pl\/#\/schema\/logo\/image\/\"},\"sameAs\":[\"https:\/\/www.facebook.com\/skamex\/\",\"https:\/\/www.linkedin.com\/company\/skamex\"]}]}<\/script>\n<!-- \/ Yoast SEO plugin. -->","yoast_head_json":{"title":"Skamex - Zaufany Dystrybutor Sprz\u0119tu Medycznego","robots":{"index":"index","follow":"follow","max-snippet":"max-snippet:-1","max-image-preview":"max-image-preview:large","max-video-preview":"max-video-preview:-1"},"canonical":"https:\/\/www.skamex.com.pl\/technologia-flex-tip","og_locale":"pl_PL","og_type":"article","og_title":"Skamex - Zaufany Dystrybutor Sprz\u0119tu Medycznego","og_url":"https:\/\/www.skamex.com.pl\/technologia-flex-tip","og_site_name":"Skamex","article_publisher":"https:\/\/www.facebook.com\/skamex\/","twitter_card":"summary_large_image","schema":{"@context":"https:\/\/schema.org","@graph":[{"@type":"WebPage","@id":"https:\/\/www.skamex.com.pl\/technologia-flex-tip","url":"https:\/\/www.skamex.com.pl\/technologia-flex-tip","name":"Skamex - Zaufany Dystrybutor Sprz\u0119tu Medycznego","isPartOf":{"@id":"https:\/\/www.skamex.com.pl\/#website"},"datePublished":"2025-06-02T11:52:33+00:00","breadcrumb":{"@id":"https:\/\/www.skamex.com.pl\/technologia-flex-tip#breadcrumb"},"inLanguage":"pl-PL","potentialAction":[{"@type":"ReadAction","target":["https:\/\/www.skamex.com.pl\/technologia-flex-tip"]}]},{"@type":"BreadcrumbList","@id":"https:\/\/www.skamex.com.pl\/technologia-flex-tip#breadcrumb","itemListElement":[{"@type":"ListItem","position":1,"name":"Strona g\u0142\u00f3wna","item":"https:\/\/www.skamex.com.pl\/"},{"@type":"ListItem","position":2,"name":"Technologia Flex-Tip\u00ae"}]},{"@type":"WebSite","@id":"https:\/\/www.skamex.com.pl\/#website","url":"https:\/\/www.skamex.com.pl\/","name":"Skamex- Jako\u015b\u0107 w trosce o bezpiecze\u0144stwo","description":"","publisher":{"@id":"https:\/\/www.skamex.com.pl\/#organization"},"potentialAction":[{"@type":"SearchAction","target":{"@type":"EntryPoint","urlTemplate":"https:\/\/www.skamex.com.pl\/?s={search_term_string}"},"query-input":{"@type":"PropertyValueSpecification","valueRequired":true,"valueName":"search_term_string"}}],"inLanguage":"pl-PL"},{"@type":"Organization","@id":"https:\/\/www.skamex.com.pl\/#organization","name":"Skamex","url":"https:\/\/www.skamex.com.pl\/","logo":{"@type":"ImageObject","inLanguage":"pl-PL","@id":"https:\/\/www.skamex.com.pl\/#\/schema\/logo\/image\/","url":"https:\/\/www.skamex.com.pl\/wp-content\/uploads\/2024\/02\/logo_skamex-e1715849609970.png","contentUrl":"https:\/\/www.skamex.com.pl\/wp-content\/uploads\/2024\/02\/logo_skamex-e1715849609970.png","width":1312,"height":318,"caption":"Skamex"},"image":{"@id":"https:\/\/www.skamex.com.pl\/#\/schema\/logo\/image\/"},"sameAs":["https:\/\/www.facebook.com\/skamex\/","https:\/\/www.linkedin.com\/company\/skamex"]}]}},"acf":[],"gutenberg_blocks":[{"blockName":"custom-styles","attrs":{"styles":""}},{"blockName":"core\/paragraph","attrs":{"epAnimationGeneratedClass":"edplus_anim-N7z8vk","epGeneratedClass":"eplus-wrapper"},"innerBlocks":[],"innerHTML":"\n<p class=\" eplus-wrapper\"><\/p>\n","innerContent":["\n<p class=\" eplus-wrapper\"><\/p>\n"]},{"blockName":"core\/file","attrs":{"id":14319,"href":"https:\/\/www.skamex.com.pl\/wp-content\/uploads\/2025\/06\/BRO-20019-C1_Flex-Tip_Brochure_Rev1-PL_KRV.pdf","displayPreview":true,"epAnimationGeneratedClass":"edplus_anim-Vj8RYH","epGeneratedClass":"eplus-wrapper"},"innerBlocks":[],"innerHTML":"\n<div class=\"wp-block-file eplus-wrapper\"><object class=\"wp-block-file__embed\" data=\"https:\/\/www.skamex.com.pl\/wp-content\/uploads\/2025\/06\/BRO-20019-C1_Flex-Tip_Brochure_Rev1-PL_KRV.pdf\" type=\"application\/pdf\" style=\"width:100%;height:600px\" aria-label=\"BRO-20019-C1_Flex-Tip_Brochure_Rev1 PL_KRV\"><\/object><a id=\"wp-block-file--media-f0881220-ce27-4c77-bfb8-070a41ecfece\" href=\"https:\/\/www.skamex.com.pl\/wp-content\/uploads\/2025\/06\/BRO-20019-C1_Flex-Tip_Brochure_Rev1-PL_KRV.pdf\">BRO-20019-C1_Flex-Tip_Brochure_Rev1 PL_KRV<\/a><a href=\"https:\/\/www.skamex.com.pl\/wp-content\/uploads\/2025\/06\/BRO-20019-C1_Flex-Tip_Brochure_Rev1-PL_KRV.pdf\" class=\"wp-block-file__button wp-element-button\" download aria-describedby=\"wp-block-file--media-f0881220-ce27-4c77-bfb8-070a41ecfece\">Pobierz<\/a><\/div>\n","innerContent":["\n<div class=\"wp-block-file eplus-wrapper\"><object class=\"wp-block-file__embed\" data=\"https:\/\/www.skamex.com.pl\/wp-content\/uploads\/2025\/06\/BRO-20019-C1_Flex-Tip_Brochure_Rev1-PL_KRV.pdf\" type=\"application\/pdf\" style=\"width:100%;height:600px\" aria-label=\"BRO-20019-C1_Flex-Tip_Brochure_Rev1 PL_KRV\"><\/object><a id=\"wp-block-file--media-f0881220-ce27-4c77-bfb8-070a41ecfece\" href=\"https:\/\/www.skamex.com.pl\/wp-content\/uploads\/2025\/06\/BRO-20019-C1_Flex-Tip_Brochure_Rev1-PL_KRV.pdf\">BRO-20019-C1_Flex-Tip_Brochure_Rev1 PL_KRV<\/a><a href=\"https:\/\/www.skamex.com.pl\/wp-content\/uploads\/2025\/06\/BRO-20019-C1_Flex-Tip_Brochure_Rev1-PL_KRV.pdf\" class=\"wp-block-file__button wp-element-button\" download aria-describedby=\"wp-block-file--media-f0881220-ce27-4c77-bfb8-070a41ecfece\">Pobierz<\/a><\/div>\n"]}],"meta_data":{"container":"","no_page_top_margin":false},"_links":{"self":[{"href":"https:\/\/www.skamex.com.pl\/index.php\/wp-json\/wp\/v2\/pages\/14318","targetHints":{"allow":["GET"]}}],"collection":[{"href":"https:\/\/www.skamex.com.pl\/index.php\/wp-json\/wp\/v2\/pages"}],"about":[{"href":"https:\/\/www.skamex.com.pl\/index.php\/wp-json\/wp\/v2\/types\/page"}],"author":[{"embeddable":true,"href":"https:\/\/www.skamex.com.pl\/index.php\/wp-json\/wp\/v2\/users\/13"}],"replies":[{"embeddable":true,"href":"https:\/\/www.skamex.com.pl\/index.php\/wp-json\/wp\/v2\/comments?post=14318"}],"version-history":[{"count":1,"href":"https:\/\/www.skamex.com.pl\/index.php\/wp-json\/wp\/v2\/pages\/14318\/revisions"}],"predecessor-version":[{"id":14320,"href":"https:\/\/www.skamex.com.pl\/index.php\/wp-json\/wp\/v2\/pages\/14318\/revisions\/14320"}],"wp:attachment":[{"href":"https:\/\/www.skamex.com.pl\/index.php\/wp-json\/wp\/v2\/media?parent=14318"}],"curies":[{"name":"wp","href":"https:\/\/api.w.org\/{rel}","templated":true}]}}